{"id":281092,"date":"2026-03-22T09:25:49","date_gmt":"2026-03-22T08:25:49","guid":{"rendered":"https:\/\/zorgondersteuningsfonds.nl\/wordpress\/?page_id=281092"},"modified":"2026-04-17T10:27:29","modified_gmt":"2026-04-17T08:27:29","slug":"programmacommissie","status":"publish","type":"page","link":"https:\/\/zorgondersteuningsfonds.nl\/wordpress\/programmacommissie\/","title":{"rendered":"Programmacommissie"},"content":{"rendered":"<p>[et_pb_section fb_built=&#8221;1&#8243; admin_label=&#8221;Hero&#8221; _builder_version=&#8221;4.27.5&#8243; _module_preset=&#8221;74c69059-8e69-4122-b1e6-dfeabf6c5711&#8243; use_background_color_gradient=&#8221;on&#8221; background_color_gradient_stops=&#8221;rgba(0,0,0,0.6) 0%|rgba(0,0,0,0.9) 100%&#8221; background_color_gradient_start=&#8221;rgba(0,0,0,0.5)&#8221; background_color_gradient_end=&#8221;rgba(0,0,0,0.75)&#8221; background_image=&#8221;https:\/\/zorgondersteuningsfonds.nl\/wordpress\/wp-content\/uploads\/2026\/03\/header_3-1024&#215;316-1.jpg&#8221; background_size=&#8221;custom&#8221; background_image_width=&#8221;0%&#8221; background_image_height=&#8221;100%&#8221; custom_padding=&#8221;0px||0px||true|false&#8221; locked=&#8221;off&#8221; collapsed=&#8221;on&#8221; global_colors_info=&#8221;{}&#8221;][et_pb_row _builder_version=&#8221;4.18.0&#8243; _module_preset=&#8221;5138c454-be54-4233-bd3b-f8e6a8747976&#8243; locked=&#8221;off&#8221; global_colors_info=&#8221;{}&#8221;][et_pb_column type=&#8221;4_4&#8243; _builder_version=&#8221;4.16&#8243; _module_preset=&#8221;73121f80-a3ef-4484-8763-c3f18e3c56d2&#8243; global_colors_info=&#8221;{}&#8221;][et_pb_heading title=&#8221;Ondersteuning voor Innovatieve Zorgprojecten&#8221; _builder_version=&#8221;4.27.5&#8243; _module_preset=&#8221;f0c675ea-2574-4d0e-b725-30f8550a8550&#8243; title_level=&#8221;h4&#8243; title_font=&#8221;Merriweather|Work Sans_weight||on|||||&#8221; title_text_color=&#8221;#FFFFFF&#8221; title_font_size=&#8221;14px&#8221; title_letter_spacing=&#8221;1px&#8221; title_line_height=&#8221;1.4em&#8221; custom_margin=&#8221;||10px||false|false&#8221; title_font_size_tablet=&#8221;13px&#8221; title_font_size_phone=&#8221;13px&#8221; title_font_size_last_edited=&#8221;on|desktop&#8221; locked=&#8221;off&#8221; global_colors_info=&#8221;{%22#005aaa%22:%91%22title_text_color%22%93}&#8221;][\/et_pb_heading][et_pb_heading title=&#8221;Zorgondersteuningsfonds: Vooruitgang in Langdurige Zorg&#8221; _builder_version=&#8221;4.24.2&#8243; _module_preset=&#8221;ddeb8c09-9078-4424-bc15-2efb6572e28e&#8221; title_font=&#8221;Work Sans|Work Sans_weight|||||||&#8221; title_text_color=&#8221;#FFFFFF&#8221; title_font_size=&#8221;72px&#8221; title_line_height=&#8221;1.15em&#8221; title_font_size_tablet=&#8221;40px&#8221; title_font_size_phone=&#8221;24px&#8221; title_font_size_last_edited=&#8221;on|phone&#8221; locked=&#8221;off&#8221; global_colors_info=&#8221;{}&#8221;][\/et_pb_heading][et_pb_text quote_border_color=&#8221;#FFFFFF&#8221; _builder_version=&#8221;4.24.2&#8243; _module_preset=&#8221;0504de1e-f5ff-4281-ba60-cbbe4edf98bc&#8221; text_font=&#8221;Merriweather|Merriweather_weight|||||||&#8221; text_text_color=&#8221;#FFFFFF&#8221; text_font_size=&#8221;16px&#8221; text_line_height=&#8221;1.75em&#8221; link_font=&#8221;||||on||||&#8221; link_text_color=&#8221;#FFFFFF&#8221; quote_font=&#8221;Work Sans|Work Sans_weight|||||||&#8221; quote_text_color=&#8221;#FFFFFF&#8221; header_font=&#8221;Work Sans|Work Sans_weight|||||||&#8221; header_text_color=&#8221;#FFFFFF&#8221; header_font_size=&#8221;72px&#8221; header_line_height=&#8221;1.15em&#8221; header_2_font=&#8221;Work Sans|Work Sans_weight|||||||&#8221; header_2_text_color=&#8221;#FFFFFF&#8221; header_2_font_size=&#8221;50px&#8221; header_2_line_height=&#8221;1.2em&#8221; header_3_font=&#8221;Work Sans|Work Sans_weight|||||||&#8221; header_3_text_color=&#8221;#FFFFFF&#8221; header_3_font_size=&#8221;32px&#8221; header_3_line_height=&#8221;1.3em&#8221; header_4_font=&#8221;Work Sans|Work Sans_weight|||||||&#8221; header_4_text_color=&#8221;#FFFFFF&#8221; header_4_font_size=&#8221;24px&#8221; header_4_line_height=&#8221;1.4em&#8221; header_5_font=&#8221;Work Sans|Work Sans_weight|||||||&#8221; header_5_text_color=&#8221;#FFFFFF&#8221; header_5_font_size=&#8221;18px&#8221; header_5_line_height=&#8221;1.4em&#8221; header_6_font=&#8221;Work Sans|Work Sans_weight|||||||&#8221; header_6_text_color=&#8221;#FFFFFF&#8221; header_6_line_height=&#8221;1.5em&#8221; custom_margin=&#8221;||||false|false&#8221; text_font_size_tablet=&#8221;15px&#8221; text_font_size_phone=&#8221;14px&#8221; text_font_size_last_edited=&#8221;on|phone&#8221; header_font_size_tablet=&#8221;40px&#8221; header_font_size_phone=&#8221;24px&#8221; header_font_size_last_edited=&#8221;on|desktop&#8221; header_2_font_size_tablet=&#8221;28px&#8221; header_2_font_size_phone=&#8221;20px&#8221; header_2_font_size_last_edited=&#8221;on|phone&#8221; header_3_font_size_tablet=&#8221;22px&#8221; header_3_font_size_phone=&#8221;17px&#8221; header_3_font_size_last_edited=&#8221;on|phone&#8221; header_4_font_size_tablet=&#8221;18px&#8221; header_4_font_size_phone=&#8221;15px&#8221; header_4_font_size_last_edited=&#8221;on|tablet&#8221; header_5_font_size_tablet=&#8221;15px&#8221; header_5_font_size_phone=&#8221;14px&#8221; header_5_font_size_last_edited=&#8221;on|desktop&#8221; header_6_font_size_tablet=&#8221;13px&#8221; header_6_font_size_phone=&#8221;13px&#8221; header_6_font_size_last_edited=&#8221;on|desktop&#8221; locked=&#8221;off&#8221; global_colors_info=&#8221;{}&#8221;]<\/p>\n<p>Het Zorgondersteuningsfonds stimuleert innovatie en verbetering in de langdurige zorg door het verstrekken van subsidies aan praktijkgerichte onderzoeksprojecten.<\/p>\n<p>[\/et_pb_text][et_pb_button button_text=&#8221;Ontdek Meer&#8221; _builder_version=&#8221;4.24.3&#8243; _module_preset=&#8221;ab15fb74-61a3-43aa-96b3-41e09aeef654&#8243; custom_button=&#8221;on&#8221; button_text_size=&#8221;14px&#8221; button_text_color=&#8221;#005aaa&#8221; button_bg_color=&#8221;#FFFFFF&#8221; button_border_width=&#8221;0px&#8221; button_border_radius=&#8221;100px&#8221; button_font=&#8221;Merriweather|700|||||||&#8221; custom_padding=&#8221;12px|24px|12px|24px|true|true&#8221; locked=&#8221;off&#8221; global_colors_info=&#8221;{}&#8221;][\/et_pb_button][\/et_pb_column][\/et_pb_row][et_pb_row column_structure=&#8221;1_4,1_4,1_4,1_4&#8243; make_equal=&#8221;on&#8221; _builder_version=&#8221;4.24.3&#8243; _module_preset=&#8221;5138c454-be54-4233-bd3b-f8e6a8747976&#8243; background_color=&#8221;#FFFFFF&#8221; custom_margin=&#8221;8%||||false|false&#8221; custom_padding=&#8221;0px||0px||true|false&#8221; border_radii=&#8221;off||6px||&#8221; border_radii_tablet=&#8221;off||6px||&#8221; border_radii_phone=&#8221;off||6px||&#8221; border_radii_last_edited=&#8221;on|desktop&#8221; box_shadow_style=&#8221;preset4&#8243; box_shadow_horizontal=&#8221;-31vw&#8221; box_shadow_vertical=&#8221;0px&#8221; box_shadow_color=&#8221;#FFFFFF&#8221; global_colors_info=&#8221;{}&#8221;][et_pb_column type=&#8221;1_4&#8243; _builder_version=&#8221;4.16&#8243; _module_preset=&#8221;73121f80-a3ef-4484-8763-c3f18e3c56d2&#8243; custom_padding=&#8221;30px||||false|false&#8221; custom_padding_tablet=&#8221;40px|20px|40px||true|false&#8221; custom_padding_phone=&#8221;30px||30px||true|true&#8221; custom_padding_last_edited=&#8221;off|desktop&#8221; global_colors_info=&#8221;{}&#8221;][et_pb_blurb title=&#8221;Het bestuur&#8221; url=&#8221;https:\/\/zorgondersteuningsfonds.nl\/wordpress\/het-bestuur\/&#8221; url_new_window=&#8221;on&#8221; use_icon=&#8221;on&#8221; font_icon=&#8221;&#xf0a9;||fa||900&#8243; icon_color=&#8221;#005aaa&#8221; icon_placement=&#8221;left&#8221; image_icon_width=&#8221;24px&#8221; content_max_width=&#8221;100%&#8221; _builder_version=&#8221;4.27.6&#8243; _module_preset=&#8221;1ea53d41-9439-472c-8d8b-7bddb3bf9444&#8243; header_font=&#8221;Work Sans|700|||||||&#8221; header_text_color=&#8221;#005AAA&#8221; header_font_size=&#8221;14px&#8221; header_line_height=&#8221;1.5em&#8221; body_font=&#8221;Merriweather|Merriweather_weight|||||||&#8221; body_text_color=&#8221;#005AAA&#8221; body_line_height=&#8221;1.75em&#8221; body_link_text_color=&#8221;#005aaa&#8221; animation=&#8221;off&#8221; link_option_url=&#8221;https:\/\/zorgondersteuningsfonds.nl\/wordpress\/het-bestuur\/&#8221; link_option_url_new_window=&#8221;on&#8221; header_font_size_tablet=&#8221;13px&#8221; header_font_size_phone=&#8221;13px&#8221; header_font_size_last_edited=&#8221;off|desktop&#8221; body_font_size_tablet=&#8221;15px&#8221; body_font_size_phone=&#8221;14px&#8221; body_font_size_last_edited=&#8221;off|desktop&#8221; border_radii_image=&#8221;on|6px|6px|6px|6px&#8221; locked=&#8221;off&#8221; global_colors_info=&#8221;{}&#8221;]<\/p>\n<p>Maak kennis met het bestuur<\/p>\n<p>[\/et_pb_blurb][\/et_pb_column][et_pb_column type=&#8221;1_4&#8243; _builder_version=&#8221;4.16&#8243; _module_preset=&#8221;73121f80-a3ef-4484-8763-c3f18e3c56d2&#8243; custom_padding=&#8221;30px||||false|false&#8221; global_colors_info=&#8221;{}&#8221;][et_pb_blurb title=&#8221;Programmacommissie&#8221; url=&#8221;https:\/\/zorgondersteuningsfonds.nl\/wordpress\/programmacommissie\/&#8221; url_new_window=&#8221;on&#8221; use_icon=&#8221;on&#8221; font_icon=&#8221;&#xf0a9;||fa||900&#8243; icon_color=&#8221;#005aaa&#8221; icon_placement=&#8221;left&#8221; image_icon_width=&#8221;24px&#8221; content_max_width=&#8221;100%&#8221; _builder_version=&#8221;4.27.6&#8243; _module_preset=&#8221;1ea53d41-9439-472c-8d8b-7bddb3bf9444&#8243; header_font=&#8221;Work Sans|700|||||||&#8221; header_text_color=&#8221;#005AAA&#8221; header_font_size=&#8221;14px&#8221; header_line_height=&#8221;1.5em&#8221; body_font=&#8221;Merriweather|Merriweather_weight|||||||&#8221; body_text_color=&#8221;#005AAA&#8221; body_line_height=&#8221;1.75em&#8221; body_link_text_color=&#8221;#005aaa&#8221; animation=&#8221;off&#8221; link_option_url=&#8221;https:\/\/zorgondersteuningsfonds.nl\/wordpress\/programmacommissie\/&#8221; link_option_url_new_window=&#8221;on&#8221; header_font_size_tablet=&#8221;13px&#8221; header_font_size_phone=&#8221;13px&#8221; header_font_size_last_edited=&#8221;off|desktop&#8221; body_font_size_tablet=&#8221;15px&#8221; body_font_size_phone=&#8221;14px&#8221; body_font_size_last_edited=&#8221;off|desktop&#8221; border_radii_image=&#8221;on|6px|6px|6px|6px&#8221; locked=&#8221;off&#8221; global_colors_info=&#8221;{}&#8221;]<\/p>\n<p>Meer over de commissie<\/p>\n<p>[\/et_pb_blurb][\/et_pb_column][et_pb_column type=&#8221;1_4&#8243; _builder_version=&#8221;4.16&#8243; _module_preset=&#8221;73121f80-a3ef-4484-8763-c3f18e3c56d2&#8243; custom_padding=&#8221;30px||||false|false&#8221; global_colors_info=&#8221;{}&#8221;][et_pb_blurb title=&#8221;Verantwoording&#8221; url=&#8221;https:\/\/zorgondersteuningsfonds.nl\/wordpress\/verantwoording\/&#8221; url_new_window=&#8221;on&#8221; use_icon=&#8221;on&#8221; font_icon=&#8221;&#xf0a9;||fa||900&#8243; icon_color=&#8221;#005aaa&#8221; icon_placement=&#8221;left&#8221; image_icon_width=&#8221;24px&#8221; content_max_width=&#8221;100%&#8221; _builder_version=&#8221;4.27.6&#8243; _module_preset=&#8221;1ea53d41-9439-472c-8d8b-7bddb3bf9444&#8243; header_font=&#8221;Work Sans|700|||||||&#8221; header_text_color=&#8221;#005AAA&#8221; header_font_size=&#8221;14px&#8221; header_line_height=&#8221;1.5em&#8221; body_font=&#8221;Merriweather|Merriweather_weight|||||||&#8221; body_text_color=&#8221;#005AAA&#8221; body_line_height=&#8221;1.75em&#8221; body_link_text_color=&#8221;#005aaa&#8221; animation=&#8221;off&#8221; link_option_url=&#8221;https:\/\/zorgondersteuningsfonds.nl\/wordpress\/verantwoording\/&#8221; link_option_url_new_window=&#8221;on&#8221; header_font_size_tablet=&#8221;13px&#8221; header_font_size_phone=&#8221;13px&#8221; header_font_size_last_edited=&#8221;off|desktop&#8221; body_font_size_tablet=&#8221;15px&#8221; body_font_size_phone=&#8221;14px&#8221; body_font_size_last_edited=&#8221;off|desktop&#8221; border_radii_image=&#8221;on|6px|6px|6px|6px&#8221; locked=&#8221;off&#8221; global_colors_info=&#8221;{}&#8221;]<\/p>\n<p>Bekijk de jaarverslagen<\/p>\n<p>[\/et_pb_blurb][\/et_pb_column][et_pb_column type=&#8221;1_4&#8243; _builder_version=&#8221;4.24.3&#8243; _module_preset=&#8221;73121f80-a3ef-4484-8763-c3f18e3c56d2&#8243; background_color=&#8221;#bfd6ea&#8221; transform_translate=&#8221;1px|0px&#8221; transform_translate_linked=&#8221;off&#8221; custom_padding=&#8221;50px|20px|50px|20px|true|true&#8221; custom_padding_tablet=&#8221;||||true|false&#8221; custom_padding_phone=&#8221;30px||30px||true|true&#8221; custom_padding_last_edited=&#8221;on|phone&#8221; global_colors_info=&#8221;{%22#bfd6ea%22:%91%22background_color%22%93}&#8221;][et_pb_button button_url=&#8221;@ET-DC@eyJkeW5hbWljIjp0cnVlLCJjb250ZW50IjoicG9zdF9saW5rX3VybF9wYWdlIiwic2V0dGluZ3MiOnsicG9zdF9pZCI6IjI4MDQ5OSJ9fQ==@&#8221; url_new_window=&#8221;on&#8221; button_text=&#8221;De Projecten&#8221; button_alignment=&#8221;center&#8221; _builder_version=&#8221;4.27.6&#8243; _module_preset=&#8221;ab15fb74-61a3-43aa-96b3-41e09aeef654&#8243; custom_button=&#8221;on&#8221; button_text_size=&#8221;14px&#8221; button_text_color=&#8221;#005AAA&#8221; button_bg_color=&#8221;#FFFFFF&#8221; button_border_width=&#8221;0px&#8221; button_border_radius=&#8221;100px&#8221; button_font=&#8221;Merriweather|700|||||||&#8221; custom_padding=&#8221;12px|24px|12px|24px|true|true&#8221; hover_enabled=&#8221;0&#8243; global_colors_info=&#8221;{%22#bfd6ea%22:%91%22button_text_color%22%93}&#8221; _dynamic_attributes=&#8221;button_url&#8221; sticky_enabled=&#8221;0&#8243;][\/et_pb_button][\/et_pb_column][\/et_pb_row][\/et_pb_section][et_pb_section fb_built=&#8221;1&#8243; admin_label=&#8221;About&#8221; _builder_version=&#8221;4.25.1&#8243; _module_preset=&#8221;default&#8221; locked=&#8221;off&#8221; collapsed=&#8221;on&#8221; global_colors_info=&#8221;{}&#8221;][et_pb_row _builder_version=&#8221;4.25.1&#8243; _module_preset=&#8221;default&#8221; global_colors_info=&#8221;{}&#8221;][et_pb_column type=&#8221;4_4&#8243; _builder_version=&#8221;4.25.1&#8243; _module_preset=&#8221;default&#8221; global_colors_info=&#8221;{}&#8221;][et_pb_heading title=&#8221;Programmacommissie&#8221; module_id=&#8221;over-ons&#8221; _builder_version=&#8221;4.27.6&#8243; _module_preset=&#8221;c33f07d9-41e0-421a-8799-5799df695cce&#8221; title_level=&#8221;h2&#8243; title_font=&#8221;Work Sans|Work Sans_weight|||||||&#8221; title_text_align=&#8221;center&#8221; title_text_color=&#8221;#005AAA&#8221; title_font_size=&#8221;50px&#8221; title_line_height=&#8221;1.2em&#8221; custom_margin=&#8221;||10px||false|false&#8221; title_font_size_tablet=&#8221;28px&#8221; title_font_size_phone=&#8221;20px&#8221; title_font_size_last_edited=&#8221;on|phone&#8221; global_colors_info=&#8221;{}&#8221;][\/et_pb_heading][et_pb_image src=&#8221;https:\/\/zorgondersteuningsfonds.nl\/wordpress\/wp-content\/uploads\/2026\/03\/header_8-1-1024&#215;316-1.jpg&#8221; title_text=&#8221;header_8-1-1024&#215;316&#8243; align=&#8221;center&#8221; _builder_version=&#8221;4.27.5&#8243; _module_preset=&#8221;1cc6152f-565c-4c4d-b0c9-cf8c9576c341&#8243; border_radii=&#8221;on|6px|6px|6px|6px&#8221; box_shadow_style=&#8221;preset3&#8243; box_shadow_vertical=&#8221;40px&#8221; box_shadow_blur=&#8221;112px&#8221; box_shadow_spread=&#8221;-24px&#8221; box_shadow_color=&#8221;rgba(0,0,0,0.12)&#8221; global_colors_info=&#8221;{}&#8221;][\/et_pb_image][et_pb_text quote_border_color=&#8221;#bfd6ea&#8221; _builder_version=&#8221;4.27.6&#8243; _module_preset=&#8221;2c55a9c4-feed-423b-9edb-ae0b5b365cac&#8221; text_font=&#8221;Merriweather|Merriweather_weight|||||||&#8221; text_text_color=&#8221;#005AAA&#8221; text_font_size=&#8221;16px&#8221; text_line_height=&#8221;1.75em&#8221; link_font=&#8221;|Merriweather_weight|||||||&#8221; link_text_color=&#8221;#005aaa&#8221; quote_font=&#8221;Work Sans|Work Sans_weight|||||||&#8221; quote_text_color=&#8221;#0e0c19&#8243; header_font=&#8221;Work Sans|Work Sans_weight|||||||&#8221; header_text_align=&#8221;left&#8221; header_text_color=&#8221;#0e0c19&#8243; header_font_size=&#8221;72px&#8221; header_line_height=&#8221;1.15em&#8221; header_2_font=&#8221;Work Sans|Work Sans_weight|||||||&#8221; header_2_text_color=&#8221;#0e0c19&#8243; header_2_font_size=&#8221;50px&#8221; header_2_line_height=&#8221;1.2em&#8221; header_3_font=&#8221;Work Sans|Work Sans_weight|||||||&#8221; header_3_text_color=&#8221;#0e0c19&#8243; header_3_font_size=&#8221;32px&#8221; header_3_line_height=&#8221;1.3em&#8221; header_4_font=&#8221;Work Sans|Work Sans_weight|||||||&#8221; header_4_text_color=&#8221;#0e0c19&#8243; header_4_font_size=&#8221;24px&#8221; header_4_line_height=&#8221;1.4em&#8221; header_5_font=&#8221;Work Sans|Work Sans_weight|||||||&#8221; header_5_text_color=&#8221;#0e0c19&#8243; header_5_font_size=&#8221;18px&#8221; header_5_line_height=&#8221;1.4em&#8221; header_6_font=&#8221;Work Sans|Work Sans_weight|||||||&#8221; header_6_text_color=&#8221;#0e0c19&#8243; header_6_line_height=&#8221;1.5em&#8221; custom_margin=&#8221;||||false|false&#8221; text_font_size_tablet=&#8221;15px&#8221; text_font_size_phone=&#8221;14px&#8221; text_font_size_last_edited=&#8221;on|phone&#8221; header_font_size_tablet=&#8221;40px&#8221; header_font_size_phone=&#8221;24px&#8221; header_font_size_last_edited=&#8221;on|desktop&#8221; header_2_font_size_tablet=&#8221;28px&#8221; header_2_font_size_phone=&#8221;20px&#8221; header_2_font_size_last_edited=&#8221;on|phone&#8221; header_3_font_size_tablet=&#8221;22px&#8221; header_3_font_size_phone=&#8221;17px&#8221; header_3_font_size_last_edited=&#8221;on|phone&#8221; header_4_font_size_tablet=&#8221;18px&#8221; header_4_font_size_phone=&#8221;15px&#8221; header_4_font_size_last_edited=&#8221;on|tablet&#8221; header_5_font_size_tablet=&#8221;15px&#8221; header_5_font_size_phone=&#8221;14px&#8221; header_5_font_size_last_edited=&#8221;on|desktop&#8221; header_6_font_size_tablet=&#8221;13px&#8221; header_6_font_size_phone=&#8221;13px&#8221; header_6_font_size_last_edited=&#8221;on|desktop&#8221; global_colors_info=&#8221;{}&#8221;]<\/p>\n<p style=\"text-align: center;\">De programmacommissie bestaat uit vier leden. <span style=\"text-decoration: line-through;\"><\/span><\/p>\n<p style=\"text-align: center;\"><strong>Prof. dr. Henk Nies &#8211; <\/strong><strong>Voorzitter<\/strong><\/p>\n<p style=\"text-align: center;\"><strong><img loading=\"lazy\" decoding=\"async\" src=\"https:\/\/zorgondersteuningsfonds.nl\/wordpress\/wp-content\/uploads\/2026\/03\/APAHenkNies44-small-300x200.jpg\" width=\"300\" height=\"200\" alt=\"Henk Nies\" class=\"wp-image-281095 alignnone size-medium\" \/><\/strong><\/p>\n<p style=\"text-align: center;\">\u201cMet goede kennis kunnen we de zorg beter maken. Bij kennis hoort vreemd genoeg ook weten wat je n\u00edet weet! Als je vragen stelt bij wat op het eerste gezicht vanzelfsprekend lijkt, ga je onderzoeken en daarmee anders kijken. Dat is wat cli\u00ebnten in de zorg toekomt: oprechte aandacht voor hun ingewikkelde vraagstukken. Onderzoeken en studeren zijn manieren om anders te kijken en mensen daarmee goede aandacht te geven. Dat motiveert mij om mij voor de programmacommissie in te zetten!\u201d<\/p>\n<p style=\"text-align: center;\"><strong>Gabri\u00eblle Verbeek &#8211; lid<\/strong><\/p>\n<p style=\"text-align: center;\">\u201cHet fonds stond \u00f3\u00f3k open voor cli\u00ebnten om onderzoek te doen. Ik vind dat we cli\u00ebnten met ervaringskennis serieus moeten nemen bij innovatie en onderzoek. Zij weten het beste hoe je met een chronische ziekte of beperking kunt omgaan. Zij weten wat de mensen \u00e9cht nodig hebben. Ik ken deskundige cli\u00ebnten die uitstekende onderzoekers kunnen zijn. Belangrijk is wel dat het onderzoek methodologisch klopt. Daarvoor waren scholing en opleidingen ook mogelijk in de subsidieaanvragen.\u201d<\/p>\n<p style=\"text-align: center;\"><strong><\/strong><\/p>\n<p style=\"text-align: center;\"><strong>Diny de Bresser<\/strong>, <strong>MHCM &#8211; lid<\/strong><\/p>\n<p style=\"text-align: center;\">\u201cWelbevinden en kwaliteit van leven, daar gaat het om de langdurige zorg. De beste oplossing zoeken in samenspraak met client en naaste. Vanuit het Zorgondersteuningsfonds stimuleren wij projecten waarin zorgverleners met dit doel aan de slag gaan om nieuwe werkwijzen te ontwikkelen en verfijnen. Ik geloof in de creativiteit en inventiviteit van zorgverleners. In de programmacommissie zien wij vele projecten waar het enthousiasme van professionals vanaf spat. Ik vind het ontzettend leuk om daaraan bij te dragen.\u201d<\/p>\n<p style=\"text-align: center;\"><strong>Dr. Mieke Cardol &#8211; lid<\/strong><\/p>\n<p style=\"text-align: center;\">Met veel interesse en plezier ben ik lid van de programmacommissie van het Zorgondersteuningsfonds. In onze vergaderingen bespreken we belangrijke en innovatieve (voorstellen voor) onderzoek, geschreven door nieuwsgierige professionals die complexe vraagstukken aanpakken om de zorg en het welzijn van cli\u00ebnten en hun naasten te verbeteren. Vanuit de commissie stimuleren we tevens kennisdeling tussen professionals en organisaties en openen we het gesprek over cli\u00ebntgericht werken, wat interessante en interactieve bijeenkomsten oplevert.<\/p>\n<p>[\/et_pb_text][\/et_pb_column][\/et_pb_row][\/et_pb_section]<\/p>\n","protected":false},"excerpt":{"rendered":"<p>Het Zorgondersteuningsfonds stimuleert innovatie en verbetering in de langdurige zorg door het verstrekken van subsidies aan praktijkgerichte onderzoeksprojecten.Maak kennis met het bestuurMeer over de commissieBekijk de jaarverslagenDe programmacommissie bestaat uit vier leden. Prof. dr. Henk Nies &#8211; Voorzitter \u201cMet goede kennis kunnen we de zorg beter maken. Bij kennis hoort vreemd genoeg ook weten wat [&hellip;]<\/p>\n","protected":false},"author":1,"featured_media":0,"parent":0,"menu_order":0,"comment_status":"closed","ping_status":"closed","template":"","meta":{"_acf_changed":false,"_et_pb_use_builder":"on","_et_pb_old_content":"","_et_gb_content_width":"","footnotes":""},"difl_page_category":[],"class_list":["post-281092","page","type-page","status-publish","hentry"],"acf":[],"_links":{"self":[{"href":"https:\/\/zorgondersteuningsfonds.nl\/wordpress\/wp-json\/wp\/v2\/pages\/281092","targetHints":{"allow":["GET"]}}],"collection":[{"href":"https:\/\/zorgondersteuningsfonds.nl\/wordpress\/wp-json\/wp\/v2\/pages"}],"about":[{"href":"https:\/\/zorgondersteuningsfonds.nl\/wordpress\/wp-json\/wp\/v2\/types\/page"}],"author":[{"embeddable":true,"href":"https:\/\/zorgondersteuningsfonds.nl\/wordpress\/wp-json\/wp\/v2\/users\/1"}],"replies":[{"embeddable":true,"href":"https:\/\/zorgondersteuningsfonds.nl\/wordpress\/wp-json\/wp\/v2\/comments?post=281092"}],"version-history":[{"count":8,"href":"https:\/\/zorgondersteuningsfonds.nl\/wordpress\/wp-json\/wp\/v2\/pages\/281092\/revisions"}],"predecessor-version":[{"id":281380,"href":"https:\/\/zorgondersteuningsfonds.nl\/wordpress\/wp-json\/wp\/v2\/pages\/281092\/revisions\/281380"}],"wp:attachment":[{"href":"https:\/\/zorgondersteuningsfonds.nl\/wordpress\/wp-json\/wp\/v2\/media?parent=281092"}],"wp:term":[{"taxonomy":"difl_page_category","embeddable":true,"href":"https:\/\/zorgondersteuningsfonds.nl\/wordpress\/wp-json\/wp\/v2\/difl_page_category?post=281092"}],"curies":[{"name":"wp","href":"https:\/\/api.w.org\/{rel}","templated":true}]}}